{"id":6786,"date":"2019-03-25T12:05:48","date_gmt":"2019-03-25T11:05:48","guid":{"rendered":"https:\/\/www.grosclaude.es\/politica-privacidad\/"},"modified":"2019-07-29T11:12:18","modified_gmt":"2019-07-29T09:12:18","slug":"privacy-policy","status":"publish","type":"page","link":"https:\/\/www.grosclaude.es\/en\/privacy-policy\/","title":{"rendered":"Privacy Policy"},"content":{"rendered":"","protected":false},"excerpt":{"rendered":"","protected":false},"author":1,"featured_media":0,"parent":0,"menu_order":0,"comment_status":"closed","ping_status":"open","template":"","meta":{"footnotes":""},"class_list":["post-6786","page","type-page","status-publish","hentry"],"yoast_head":"<!-- This site is optimized with the Yoast SEO plugin v27.2 - https:\/\/yoast.com\/product\/yoast-seo-wordpress\/ -->\n<title>Privacy Policy - Grosclaude &amp; Partners | Servicios de auditor\u00eda y consultor\u00eda<\/title>\n<meta name=\"robots\" content=\"index, follow, max-snippet:-1, max-image-preview:large, max-video-preview:-1\" \/>\n<link rel=\"canonical\" href=\"https:\/\/www.grosclaude.es\/politica-privacidad\/\" \/>\n<meta property=\"og:locale\" content=\"en_US\" \/>\n<meta property=\"og:type\" content=\"article\" \/>\n<meta property=\"og:title\" content=\"Privacy Policy - Grosclaude &amp; Partners | Servicios de auditor\u00eda y consultor\u00eda\" \/>\n<meta property=\"og:url\" content=\"https:\/\/www.grosclaude.es\/politica-privacidad\/\" \/>\n<meta property=\"og:site_name\" content=\"Grosclaude &amp; Partners | Servicios de auditor\u00eda y consultor\u00eda\" \/>\n<meta property=\"article:modified_time\" content=\"2019-07-29T09:12:18+00:00\" \/>\n<meta name=\"twitter:card\" content=\"summary_large_image\" \/>\n<script type=\"application\/ld+json\" class=\"yoast-schema-graph\">{\"@context\":\"https:\/\/schema.org\",\"@graph\":[{\"@type\":\"WebPage\",\"@id\":\"https:\/\/www.grosclaude.es\/politica-privacidad\/\",\"url\":\"https:\/\/www.grosclaude.es\/politica-privacidad\/\",\"name\":\"Privacy Policy - Grosclaude &amp; Partners | Servicios de auditor\u00eda y consultor\u00eda\",\"isPartOf\":{\"@id\":\"https:\/\/www.grosclaude.es\/#website\"},\"datePublished\":\"2019-03-25T11:05:48+00:00\",\"dateModified\":\"2019-07-29T09:12:18+00:00\",\"breadcrumb\":{\"@id\":\"https:\/\/www.grosclaude.es\/politica-privacidad\/#breadcrumb\"},\"inLanguage\":\"en-US\",\"potentialAction\":[{\"@type\":\"ReadAction\",\"target\":[\"https:\/\/www.grosclaude.es\/politica-privacidad\/\"]}]},{\"@type\":\"BreadcrumbList\",\"@id\":\"https:\/\/www.grosclaude.es\/politica-privacidad\/#breadcrumb\",\"itemListElement\":[{\"@type\":\"ListItem\",\"position\":1,\"name\":\"Portada\",\"item\":\"https:\/\/www.grosclaude.es\/en\/\"},{\"@type\":\"ListItem\",\"position\":2,\"name\":\"Privacy Policy\"}]},{\"@type\":\"WebSite\",\"@id\":\"https:\/\/www.grosclaude.es\/#website\",\"url\":\"https:\/\/www.grosclaude.es\/\",\"name\":\"Grosclaude &amp; Partners | Servicios de auditor\u00eda y consultor\u00eda\",\"description\":\"Servicios de auditor\u00eda y consultor\u00eda empresarial\",\"potentialAction\":[{\"@type\":\"SearchAction\",\"target\":{\"@type\":\"EntryPoint\",\"urlTemplate\":\"https:\/\/www.grosclaude.es\/?s={search_term_string}\"},\"query-input\":{\"@type\":\"PropertyValueSpecification\",\"valueRequired\":true,\"valueName\":\"search_term_string\"}}],\"inLanguage\":\"en-US\"}]}<\/script>\n<!-- \/ Yoast SEO plugin. -->","yoast_head_json":{"title":"Privacy Policy - Grosclaude &amp; Partners | Servicios de auditor\u00eda y consultor\u00eda","robots":{"index":"index","follow":"follow","max-snippet":"max-snippet:-1","max-image-preview":"max-image-preview:large","max-video-preview":"max-video-preview:-1"},"canonical":"https:\/\/www.grosclaude.es\/politica-privacidad\/","og_locale":"en_US","og_type":"article","og_title":"Privacy Policy - Grosclaude &amp; Partners | Servicios de auditor\u00eda y consultor\u00eda","og_url":"https:\/\/www.grosclaude.es\/politica-privacidad\/","og_site_name":"Grosclaude &amp; Partners | Servicios de auditor\u00eda y consultor\u00eda","article_modified_time":"2019-07-29T09:12:18+00:00","twitter_card":"summary_large_image","schema":{"@context":"https:\/\/schema.org","@graph":[{"@type":"WebPage","@id":"https:\/\/www.grosclaude.es\/politica-privacidad\/","url":"https:\/\/www.grosclaude.es\/politica-privacidad\/","name":"Privacy Policy - Grosclaude &amp; Partners | Servicios de auditor\u00eda y consultor\u00eda","isPartOf":{"@id":"https:\/\/www.grosclaude.es\/#website"},"datePublished":"2019-03-25T11:05:48+00:00","dateModified":"2019-07-29T09:12:18+00:00","breadcrumb":{"@id":"https:\/\/www.grosclaude.es\/politica-privacidad\/#breadcrumb"},"inLanguage":"en-US","potentialAction":[{"@type":"ReadAction","target":["https:\/\/www.grosclaude.es\/politica-privacidad\/"]}]},{"@type":"BreadcrumbList","@id":"https:\/\/www.grosclaude.es\/politica-privacidad\/#breadcrumb","itemListElement":[{"@type":"ListItem","position":1,"name":"Portada","item":"https:\/\/www.grosclaude.es\/en\/"},{"@type":"ListItem","position":2,"name":"Privacy Policy"}]},{"@type":"WebSite","@id":"https:\/\/www.grosclaude.es\/#website","url":"https:\/\/www.grosclaude.es\/","name":"Grosclaude &amp; Partners | Servicios de auditor\u00eda y consultor\u00eda","description":"Servicios de auditor\u00eda y consultor\u00eda empresarial","potentialAction":[{"@type":"SearchAction","target":{"@type":"EntryPoint","urlTemplate":"https:\/\/www.grosclaude.es\/?s={search_term_string}"},"query-input":{"@type":"PropertyValueSpecification","valueRequired":true,"valueName":"search_term_string"}}],"inLanguage":"en-US"}]}},"_links":{"self":[{"href":"https:\/\/www.grosclaude.es\/en\/wp-json\/wp\/v2\/pages\/6786","targetHints":{"allow":["GET"]}}],"collection":[{"href":"https:\/\/www.grosclaude.es\/en\/wp-json\/wp\/v2\/pages"}],"about":[{"href":"https:\/\/www.grosclaude.es\/en\/wp-json\/wp\/v2\/types\/page"}],"author":[{"embeddable":true,"href":"https:\/\/www.grosclaude.es\/en\/wp-json\/wp\/v2\/users\/1"}],"replies":[{"embeddable":true,"href":"https:\/\/www.grosclaude.es\/en\/wp-json\/wp\/v2\/comments?post=6786"}],"version-history":[{"count":5,"href":"https:\/\/www.grosclaude.es\/en\/wp-json\/wp\/v2\/pages\/6786\/revisions"}],"predecessor-version":[{"id":6796,"href":"https:\/\/www.grosclaude.es\/en\/wp-json\/wp\/v2\/pages\/6786\/revisions\/6796"}],"wp:attachment":[{"href":"https:\/\/www.grosclaude.es\/en\/wp-json\/wp\/v2\/media?parent=6786"}],"curies":[{"name":"wp","href":"https:\/\/api.w.org\/{rel}","templated":true}]}}