{"id":8813,"date":"2026-03-25T10:54:49","date_gmt":"2026-03-25T09:54:49","guid":{"rendered":"https:\/\/www.grosclaude.es\/?page_id=8813"},"modified":"2026-03-25T10:54:49","modified_gmt":"2026-03-25T09:54:49","slug":"rechtliche-hinweise","status":"publish","type":"page","link":"https:\/\/www.grosclaude.es\/de\/rechtliche-hinweise\/","title":{"rendered":"Vertraulichkeitshinweis"},"content":{"rendered":"<p><span data-olk-copy-source=\"MessageBody\"> Beachten Sie bitte, dass die Kommunikation im Internet nicht sicher ist und seitens Dritter abgefangen werden kann. <\/span><\/p>\n<p><span data-olk-copy-source=\"MessageBody\">Diese E-mail, sowie ihr Inhalt und s\u00e4mtliche Anlagen, ist vertraulich und kann rechtlich gesch\u00fctzte Information enthalten. Die Information ist ausschliesslich f\u00fcr die Empf\u00e4nger bestimmt und das unerlaubte Kopieren sowie die unbefugte Weitergabe seitens einer anderen Person ist nicht gestattet. <\/span><\/p>\n<p><span data-olk-copy-source=\"MessageBody\">Falls Sie diese E-mail irrt\u00fcmlich erhalten haben, informieren Sie bitte sofort den Absender und vernichten Sie diese E-mail, alle Kopien und Anlagen.<\/span><\/p>\n","protected":false},"excerpt":{"rendered":"<p>Beachten Sie bitte, dass die Kommunikation im Internet nicht sicher ist und seitens Dritter abgefangen werden kann. Diese E-mail, sowie ihr Inhalt und s\u00e4mtliche Anlagen, ist vertraulich und kann rechtlich gesch\u00fctzte Information enthalten. Die Information ist ausschliesslich f\u00fcr die Empf\u00e4nger bestimmt und das unerlaubte Kopieren sowie die unbefugte Weitergabe seitens einer anderen Person ist nicht [&hellip;]<\/p>\n","protected":false},"author":1,"featured_media":0,"parent":0,"menu_order":0,"comment_status":"closed","ping_status":"open","template":"","meta":{"footnotes":""},"class_list":["post-8813","page","type-page","status-publish","hentry"],"yoast_head":"<!-- This site is optimized with the Yoast SEO plugin v27.2 - https:\/\/yoast.com\/product\/yoast-seo-wordpress\/ -->\n<title>Vertraulichkeitshinweis - Grosclaude &amp; Partners | Servicios de auditor\u00eda y consultor\u00eda<\/title>\n<meta name=\"robots\" content=\"index, follow, max-snippet:-1, max-image-preview:large, max-video-preview:-1\" \/>\n<link rel=\"canonical\" href=\"https:\/\/www.grosclaude.es\/de\/rechtliche-hinweise\/\" \/>\n<meta property=\"og:locale\" content=\"de_DE\" \/>\n<meta property=\"og:type\" content=\"article\" \/>\n<meta property=\"og:title\" content=\"Vertraulichkeitshinweis - Grosclaude &amp; Partners | Servicios de auditor\u00eda y consultor\u00eda\" \/>\n<meta property=\"og:description\" content=\"Beachten Sie bitte, dass die Kommunikation im Internet nicht sicher ist und seitens Dritter abgefangen werden kann. Diese E-mail, sowie ihr Inhalt und s\u00e4mtliche Anlagen, ist vertraulich und kann rechtlich gesch\u00fctzte Information enthalten. Die Information ist ausschliesslich f\u00fcr die Empf\u00e4nger bestimmt und das unerlaubte Kopieren sowie die unbefugte Weitergabe seitens einer anderen Person ist nicht [&hellip;]\" \/>\n<meta property=\"og:url\" content=\"https:\/\/www.grosclaude.es\/de\/rechtliche-hinweise\/\" \/>\n<meta property=\"og:site_name\" content=\"Grosclaude &amp; Partners | Servicios de auditor\u00eda y consultor\u00eda\" \/>\n<meta name=\"twitter:card\" content=\"summary_large_image\" \/>\n<meta name=\"twitter:label1\" content=\"Est. reading time\" \/>\n\t<meta name=\"twitter:data1\" content=\"1 minute\" \/>\n<script type=\"application\/ld+json\" class=\"yoast-schema-graph\">{\"@context\":\"https:\/\/schema.org\",\"@graph\":[{\"@type\":\"WebPage\",\"@id\":\"https:\/\/www.grosclaude.es\/de\/rechtliche-hinweise\/\",\"url\":\"https:\/\/www.grosclaude.es\/de\/rechtliche-hinweise\/\",\"name\":\"Vertraulichkeitshinweis - Grosclaude &amp; Partners | Servicios de auditor\u00eda y consultor\u00eda\",\"isPartOf\":{\"@id\":\"https:\/\/www.grosclaude.es\/#website\"},\"datePublished\":\"2026-03-25T09:54:49+00:00\",\"breadcrumb\":{\"@id\":\"https:\/\/www.grosclaude.es\/de\/rechtliche-hinweise\/#breadcrumb\"},\"inLanguage\":\"de-DE\",\"potentialAction\":[{\"@type\":\"ReadAction\",\"target\":[\"https:\/\/www.grosclaude.es\/de\/rechtliche-hinweise\/\"]}]},{\"@type\":\"BreadcrumbList\",\"@id\":\"https:\/\/www.grosclaude.es\/de\/rechtliche-hinweise\/#breadcrumb\",\"itemListElement\":[{\"@type\":\"ListItem\",\"position\":1,\"name\":\"Portada\",\"item\":\"https:\/\/www.grosclaude.es\/de\/\"},{\"@type\":\"ListItem\",\"position\":2,\"name\":\"Vertraulichkeitshinweis\"}]},{\"@type\":\"WebSite\",\"@id\":\"https:\/\/www.grosclaude.es\/#website\",\"url\":\"https:\/\/www.grosclaude.es\/\",\"name\":\"Grosclaude &amp; Partners | Servicios de auditor\u00eda y consultor\u00eda\",\"description\":\"Servicios de auditor\u00eda y consultor\u00eda empresarial\",\"potentialAction\":[{\"@type\":\"SearchAction\",\"target\":{\"@type\":\"EntryPoint\",\"urlTemplate\":\"https:\/\/www.grosclaude.es\/?s={search_term_string}\"},\"query-input\":{\"@type\":\"PropertyValueSpecification\",\"valueRequired\":true,\"valueName\":\"search_term_string\"}}],\"inLanguage\":\"de-DE\"}]}<\/script>\n<!-- \/ Yoast SEO plugin. -->","yoast_head_json":{"title":"Vertraulichkeitshinweis - Grosclaude &amp; Partners | Servicios de auditor\u00eda y consultor\u00eda","robots":{"index":"index","follow":"follow","max-snippet":"max-snippet:-1","max-image-preview":"max-image-preview:large","max-video-preview":"max-video-preview:-1"},"canonical":"https:\/\/www.grosclaude.es\/de\/rechtliche-hinweise\/","og_locale":"de_DE","og_type":"article","og_title":"Vertraulichkeitshinweis - Grosclaude &amp; Partners | Servicios de auditor\u00eda y consultor\u00eda","og_description":"Beachten Sie bitte, dass die Kommunikation im Internet nicht sicher ist und seitens Dritter abgefangen werden kann. Diese E-mail, sowie ihr Inhalt und s\u00e4mtliche Anlagen, ist vertraulich und kann rechtlich gesch\u00fctzte Information enthalten. Die Information ist ausschliesslich f\u00fcr die Empf\u00e4nger bestimmt und das unerlaubte Kopieren sowie die unbefugte Weitergabe seitens einer anderen Person ist nicht [&hellip;]","og_url":"https:\/\/www.grosclaude.es\/de\/rechtliche-hinweise\/","og_site_name":"Grosclaude &amp; Partners | Servicios de auditor\u00eda y consultor\u00eda","twitter_card":"summary_large_image","twitter_misc":{"Est. reading time":"1 minute"},"schema":{"@context":"https:\/\/schema.org","@graph":[{"@type":"WebPage","@id":"https:\/\/www.grosclaude.es\/de\/rechtliche-hinweise\/","url":"https:\/\/www.grosclaude.es\/de\/rechtliche-hinweise\/","name":"Vertraulichkeitshinweis - Grosclaude &amp; Partners | Servicios de auditor\u00eda y consultor\u00eda","isPartOf":{"@id":"https:\/\/www.grosclaude.es\/#website"},"datePublished":"2026-03-25T09:54:49+00:00","breadcrumb":{"@id":"https:\/\/www.grosclaude.es\/de\/rechtliche-hinweise\/#breadcrumb"},"inLanguage":"de-DE","potentialAction":[{"@type":"ReadAction","target":["https:\/\/www.grosclaude.es\/de\/rechtliche-hinweise\/"]}]},{"@type":"BreadcrumbList","@id":"https:\/\/www.grosclaude.es\/de\/rechtliche-hinweise\/#breadcrumb","itemListElement":[{"@type":"ListItem","position":1,"name":"Portada","item":"https:\/\/www.grosclaude.es\/de\/"},{"@type":"ListItem","position":2,"name":"Vertraulichkeitshinweis"}]},{"@type":"WebSite","@id":"https:\/\/www.grosclaude.es\/#website","url":"https:\/\/www.grosclaude.es\/","name":"Grosclaude &amp; Partners | Servicios de auditor\u00eda y consultor\u00eda","description":"Servicios de auditor\u00eda y consultor\u00eda empresarial","potentialAction":[{"@type":"SearchAction","target":{"@type":"EntryPoint","urlTemplate":"https:\/\/www.grosclaude.es\/?s={search_term_string}"},"query-input":{"@type":"PropertyValueSpecification","valueRequired":true,"valueName":"search_term_string"}}],"inLanguage":"de-DE"}]}},"_links":{"self":[{"href":"https:\/\/www.grosclaude.es\/de\/wp-json\/wp\/v2\/pages\/8813","targetHints":{"allow":["GET"]}}],"collection":[{"href":"https:\/\/www.grosclaude.es\/de\/wp-json\/wp\/v2\/pages"}],"about":[{"href":"https:\/\/www.grosclaude.es\/de\/wp-json\/wp\/v2\/types\/page"}],"author":[{"embeddable":true,"href":"https:\/\/www.grosclaude.es\/de\/wp-json\/wp\/v2\/users\/1"}],"replies":[{"embeddable":true,"href":"https:\/\/www.grosclaude.es\/de\/wp-json\/wp\/v2\/comments?post=8813"}],"version-history":[{"count":2,"href":"https:\/\/www.grosclaude.es\/de\/wp-json\/wp\/v2\/pages\/8813\/revisions"}],"predecessor-version":[{"id":8828,"href":"https:\/\/www.grosclaude.es\/de\/wp-json\/wp\/v2\/pages\/8813\/revisions\/8828"}],"wp:attachment":[{"href":"https:\/\/www.grosclaude.es\/de\/wp-json\/wp\/v2\/media?parent=8813"}],"curies":[{"name":"wp","href":"https:\/\/api.w.org\/{rel}","templated":true}]}}