{"id":6935,"date":"2019-04-03T12:28:54","date_gmt":"2019-04-03T10:28:54","guid":{"rendered":"https:\/\/www.grosclaude.es\/auditoria\/"},"modified":"2026-03-23T09:50:14","modified_gmt":"2026-03-23T08:50:14","slug":"audit","status":"publish","type":"page","link":"https:\/\/www.grosclaude.es\/de\/audit\/","title":{"rendered":"Audit"},"content":{"rendered":"","protected":false},"excerpt":{"rendered":"","protected":false},"author":1,"featured_media":0,"parent":0,"menu_order":0,"comment_status":"closed","ping_status":"closed","template":"","meta":{"footnotes":""},"class_list":["post-6935","page","type-page","status-publish","hentry"],"yoast_head":"<!-- This site is optimized with the Yoast SEO plugin v27.2 - https:\/\/yoast.com\/product\/yoast-seo-wordpress\/ -->\n<title>Audit | Grosclaude &amp; Partner<\/title>\n<meta name=\"description\" content=\"Finanz- und Betriebspr\u00fcfungen, individuell angepasst. Unabh\u00e4ngigkeit, Pr\u00e4zision und Mehrwert f\u00fcr fundierte unternehmerische Entscheidungen.\" \/>\n<meta name=\"robots\" content=\"index, follow, max-snippet:-1, max-image-preview:large, max-video-preview:-1\" \/>\n<link rel=\"canonical\" href=\"https:\/\/www.grosclaude.es\/de\/audit\/\" \/>\n<meta property=\"og:locale\" content=\"de_DE\" \/>\n<meta property=\"og:type\" content=\"article\" \/>\n<meta property=\"og:title\" content=\"Audit | Grosclaude &amp; Partner\" \/>\n<meta property=\"og:description\" content=\"Finanz- und Betriebspr\u00fcfungen, individuell angepasst. Unabh\u00e4ngigkeit, Pr\u00e4zision und Mehrwert f\u00fcr fundierte unternehmerische Entscheidungen.\" \/>\n<meta property=\"og:url\" content=\"https:\/\/www.grosclaude.es\/de\/audit\/\" \/>\n<meta property=\"og:site_name\" content=\"Grosclaude &amp; Partners | Servicios de auditor\u00eda y consultor\u00eda\" \/>\n<meta property=\"article:modified_time\" content=\"2026-03-23T08:50:14+00:00\" \/>\n<meta name=\"twitter:card\" content=\"summary_large_image\" \/>\n<meta name=\"twitter:label1\" content=\"Est. reading time\" \/>\n\t<meta name=\"twitter:data1\" content=\"1 minute\" \/>\n<script type=\"application\/ld+json\" class=\"yoast-schema-graph\">{\"@context\":\"https:\/\/schema.org\",\"@graph\":[{\"@type\":\"WebPage\",\"@id\":\"https:\/\/www.grosclaude.es\/de\/audit\/\",\"url\":\"https:\/\/www.grosclaude.es\/de\/audit\/\",\"name\":\"Audit | Grosclaude & Partner\",\"isPartOf\":{\"@id\":\"https:\/\/www.grosclaude.es\/#website\"},\"datePublished\":\"2019-04-03T10:28:54+00:00\",\"dateModified\":\"2026-03-23T08:50:14+00:00\",\"description\":\"Finanz- und Betriebspr\u00fcfungen, individuell angepasst. Unabh\u00e4ngigkeit, Pr\u00e4zision und Mehrwert f\u00fcr fundierte unternehmerische Entscheidungen.\",\"breadcrumb\":{\"@id\":\"https:\/\/www.grosclaude.es\/de\/audit\/#breadcrumb\"},\"inLanguage\":\"de-DE\",\"potentialAction\":[{\"@type\":\"ReadAction\",\"target\":[\"https:\/\/www.grosclaude.es\/de\/audit\/\"]}]},{\"@type\":\"BreadcrumbList\",\"@id\":\"https:\/\/www.grosclaude.es\/de\/audit\/#breadcrumb\",\"itemListElement\":[{\"@type\":\"ListItem\",\"position\":1,\"name\":\"Portada\",\"item\":\"https:\/\/www.grosclaude.es\/de\/\"},{\"@type\":\"ListItem\",\"position\":2,\"name\":\"Audit\"}]},{\"@type\":\"WebSite\",\"@id\":\"https:\/\/www.grosclaude.es\/#website\",\"url\":\"https:\/\/www.grosclaude.es\/\",\"name\":\"Grosclaude &amp; Partners | Servicios de auditor\u00eda y consultor\u00eda\",\"description\":\"Servicios de auditor\u00eda y consultor\u00eda empresarial\",\"potentialAction\":[{\"@type\":\"SearchAction\",\"target\":{\"@type\":\"EntryPoint\",\"urlTemplate\":\"https:\/\/www.grosclaude.es\/?s={search_term_string}\"},\"query-input\":{\"@type\":\"PropertyValueSpecification\",\"valueRequired\":true,\"valueName\":\"search_term_string\"}}],\"inLanguage\":\"de-DE\"}]}<\/script>\n<!-- \/ Yoast SEO plugin. -->","yoast_head_json":{"title":"Audit | Grosclaude & Partner","description":"Finanz- und Betriebspr\u00fcfungen, individuell angepasst. Unabh\u00e4ngigkeit, Pr\u00e4zision und Mehrwert f\u00fcr fundierte unternehmerische Entscheidungen.","robots":{"index":"index","follow":"follow","max-snippet":"max-snippet:-1","max-image-preview":"max-image-preview:large","max-video-preview":"max-video-preview:-1"},"canonical":"https:\/\/www.grosclaude.es\/de\/audit\/","og_locale":"de_DE","og_type":"article","og_title":"Audit | Grosclaude & Partner","og_description":"Finanz- und Betriebspr\u00fcfungen, individuell angepasst. Unabh\u00e4ngigkeit, Pr\u00e4zision und Mehrwert f\u00fcr fundierte unternehmerische Entscheidungen.","og_url":"https:\/\/www.grosclaude.es\/de\/audit\/","og_site_name":"Grosclaude &amp; Partners | Servicios de auditor\u00eda y consultor\u00eda","article_modified_time":"2026-03-23T08:50:14+00:00","twitter_card":"summary_large_image","twitter_misc":{"Est. reading time":"1 minute"},"schema":{"@context":"https:\/\/schema.org","@graph":[{"@type":"WebPage","@id":"https:\/\/www.grosclaude.es\/de\/audit\/","url":"https:\/\/www.grosclaude.es\/de\/audit\/","name":"Audit | Grosclaude & Partner","isPartOf":{"@id":"https:\/\/www.grosclaude.es\/#website"},"datePublished":"2019-04-03T10:28:54+00:00","dateModified":"2026-03-23T08:50:14+00:00","description":"Finanz- und Betriebspr\u00fcfungen, individuell angepasst. Unabh\u00e4ngigkeit, Pr\u00e4zision und Mehrwert f\u00fcr fundierte unternehmerische Entscheidungen.","breadcrumb":{"@id":"https:\/\/www.grosclaude.es\/de\/audit\/#breadcrumb"},"inLanguage":"de-DE","potentialAction":[{"@type":"ReadAction","target":["https:\/\/www.grosclaude.es\/de\/audit\/"]}]},{"@type":"BreadcrumbList","@id":"https:\/\/www.grosclaude.es\/de\/audit\/#breadcrumb","itemListElement":[{"@type":"ListItem","position":1,"name":"Portada","item":"https:\/\/www.grosclaude.es\/de\/"},{"@type":"ListItem","position":2,"name":"Audit"}]},{"@type":"WebSite","@id":"https:\/\/www.grosclaude.es\/#website","url":"https:\/\/www.grosclaude.es\/","name":"Grosclaude &amp; Partners | Servicios de auditor\u00eda y consultor\u00eda","description":"Servicios de auditor\u00eda y consultor\u00eda empresarial","potentialAction":[{"@type":"SearchAction","target":{"@type":"EntryPoint","urlTemplate":"https:\/\/www.grosclaude.es\/?s={search_term_string}"},"query-input":{"@type":"PropertyValueSpecification","valueRequired":true,"valueName":"search_term_string"}}],"inLanguage":"de-DE"}]}},"_links":{"self":[{"href":"https:\/\/www.grosclaude.es\/de\/wp-json\/wp\/v2\/pages\/6935","targetHints":{"allow":["GET"]}}],"collection":[{"href":"https:\/\/www.grosclaude.es\/de\/wp-json\/wp\/v2\/pages"}],"about":[{"href":"https:\/\/www.grosclaude.es\/de\/wp-json\/wp\/v2\/types\/page"}],"author":[{"embeddable":true,"href":"https:\/\/www.grosclaude.es\/de\/wp-json\/wp\/v2\/users\/1"}],"replies":[{"embeddable":true,"href":"https:\/\/www.grosclaude.es\/de\/wp-json\/wp\/v2\/comments?post=6935"}],"version-history":[{"count":5,"href":"https:\/\/www.grosclaude.es\/de\/wp-json\/wp\/v2\/pages\/6935\/revisions"}],"predecessor-version":[{"id":8775,"href":"https:\/\/www.grosclaude.es\/de\/wp-json\/wp\/v2\/pages\/6935\/revisions\/8775"}],"wp:attachment":[{"href":"https:\/\/www.grosclaude.es\/de\/wp-json\/wp\/v2\/media?parent=6935"}],"curies":[{"name":"wp","href":"https:\/\/api.w.org\/{rel}","templated":true}]}}